{"id":10,"date":"2012-05-30T13:24:04","date_gmt":"2012-05-30T13:24:04","guid":{"rendered":"https:\/\/lss.ics.upjs.sk\/?page_id=10"},"modified":"2022-05-25T10:07:32","modified_gmt":"2022-05-25T08:07:32","slug":"intro","status":"publish","type":"page","link":"https:\/\/lss.ics.upjs.sk\/","title":{"rendered":"Intro"},"content":{"rendered":"<p>12. ro\u010dn\u00edk letnej \u0161koly sa kon\u00e1 <strong>4.7.2022 &#8211; 8.7.2022 (pondelok obed &#8211; piatok obed)<\/strong>.<\/p>\n<ul>\n<li>Letnej \u0161koly sa m\u00f4\u017eu z\u00fa\u010dastni\u0165 \u0161tudenti PF UPJ\u0160, ktor\u00ed u\u017e absolvovali predmety Z\u00e1klady Linuxu (ZLI) a Po\u010d\u00edta\u010dov\u00e1 sie\u0165 Internet (PSIN), teda \u0161tandardne absolventi prv\u00e9ho ro\u010dn\u00edka Ib, AIb, XIb a druh\u00e9ho ro\u010dn\u00edka ADUIb a tie\u017e \u0161tudenti magistersk\u00e9ho \u0161t\u00fadia Im a ADUIm. Kapacita je maxim\u00e1lne 20 \u0161tudentov.<\/li>\n<\/ul>\n<ul>\n<li>V\u010faka podpore Slovenskej spolo\u010dnosti pre umel\u00fa inteligenciu a Pr\u00edrodovedeckej fakulty UPJ\u0160, je cena za cel\u00fd pobyt a pln\u00fa penziu iba 50 Eur (iba v pr\u00edpade \u00fa\u010dasti na celej Letnej \u0161kole). Poplatok sa hrad\u00ed v hotovosti na mieste konania priamo spr\u00e1vcovi penzi\u00f3nu.<\/li>\n<\/ul>\n<ul>\n<li>V registr\u00e1cii s\u00fa uprednost\u0148ovan\u00ed v porad\u00ed:\n<ol>\n<li>\u0161tudenti druh\u00e9ho ro\u010dn\u00edka bakal\u00e1rskeho \u0161t\u00fadia, alebo star\u0161\u00ed vr\u00e1tane magistersk\u00fdch \u0161tudentov, \u010do id\u00fa prv\u00fdkr\u00e1t<\/li>\n<li>\u0161tudenti prv\u00e9ho ro\u010dn\u00edka bakal\u00e1rskeho \u0161t\u00fadia<\/li>\n<li>\u0161tudenti, ktor\u00ed sa u\u017e letnej \u0161koly z\u00fa\u010dastnili<\/li>\n<li>v r\u00e1mci ka\u017edej kateg\u00f3rie t\u00ed, ktor\u00ed sa prihl\u00e1sili sk\u00f4r<\/li>\n<\/ol>\n<\/li>\n<\/ul>\n\n\n<p><\/p>\n","protected":false},"excerpt":{"rendered":"<p>12. ro\u010dn\u00edk letnej \u0161koly sa kon\u00e1 4.7.2022 &#8211; 8.7.2022 (pondelok obed &#8211; piatok obed). Letnej \u0161koly sa m\u00f4\u017eu z\u00fa\u010dastni\u0165 \u0161tudenti PF UPJ\u0160, ktor\u00ed u\u017e absolvovali predmety Z\u00e1klady Linuxu (ZLI) a Po\u010d\u00edta\u010dov\u00e1 sie\u0165 Internet (PSIN), teda \u0161tandardne absolventi prv\u00e9ho ro\u010dn\u00edka Ib, &hellip; <a href=\"https:\/\/lss.ics.upjs.sk\/\">Pokra\u010dova\u0165 v \u010d\u00edtan\u00ed <span class=\"meta-nav\">&rarr;<\/span><\/a><\/p>\n","protected":false},"author":1,"featured_media":0,"parent":0,"menu_order":0,"comment_status":"closed","ping_status":"open","template":"","meta":[],"_links":{"self":[{"href":"https:\/\/lss.ics.upjs.sk\/index.php?rest_route=\/wp\/v2\/pages\/10"}],"collection":[{"href":"https:\/\/lss.ics.upjs.sk\/index.php?rest_route=\/wp\/v2\/pages"}],"about":[{"href":"https:\/\/lss.ics.upjs.sk\/index.php?rest_route=\/wp\/v2\/types\/page"}],"author":[{"embeddable":true,"href":"https:\/\/lss.ics.upjs.sk\/index.php?rest_route=\/wp\/v2\/users\/1"}],"replies":[{"embeddable":true,"href":"https:\/\/lss.ics.upjs.sk\/index.php?rest_route=%2Fwp%2Fv2%2Fcomments&post=10"}],"version-history":[{"count":21,"href":"https:\/\/lss.ics.upjs.sk\/index.php?rest_route=\/wp\/v2\/pages\/10\/revisions"}],"predecessor-version":[{"id":258,"href":"https:\/\/lss.ics.upjs.sk\/index.php?rest_route=\/wp\/v2\/pages\/10\/revisions\/258"}],"wp:attachment":[{"href":"https:\/\/lss.ics.upjs.sk\/index.php?rest_route=%2Fwp%2Fv2%2Fmedia&parent=10"}],"curies":[{"name":"wp","href":"https:\/\/api.w.org\/{rel}","templated":true}]}}